{"id":44151,"date":"2025-08-15T11:59:35","date_gmt":"2025-08-15T11:59:35","guid":{"rendered":"https:\/\/wadipurple.com\/contact\/"},"modified":"2025-08-15T12:01:52","modified_gmt":"2025-08-15T12:01:52","slug":"contact","status":"publish","type":"page","link":"https:\/\/wadipurple.com\/tr\/contact\/","title":{"rendered":"Contact"},"content":{"rendered":"\t\t<div data-elementor-type=\"wp-page\" data-elementor-id=\"44151\" class=\"elementor elementor-44151 elementor-4439\">\n\t\t\t\t\t\t<section class=\"wd-negative-gap elementor-section elementor-top-section elementor-element elementor-element-ecd7543 elementor-section-boxed elementor-section-height-default elementor-section-height-default\" data-id=\"ecd7543\" data-element_type=\"section\" data-e-type=\"section\" data-settings=\"{&quot;display_condition_enable&quot;:&quot;yes&quot;}\">\n\t\t\t\t\t\t<div class=\"elementor-container elementor-column-gap-default\">\n\t\t\t\t\t<div class=\"elementor-column elementor-col-25 elementor-top-column elementor-element elementor-element-7237152\" data-id=\"7237152\" data-element_type=\"column\" data-e-type=\"column\">\n\t\t\t<div class=\"elementor-widget-wrap elementor-element-populated\">\n\t\t\t\t\t\t<div class=\"elementor-element elementor-element-51b7bb8 elementor-view-default elementor-position-block-start elementor-mobile-position-block-start elementor-widget elementor-widget-icon-box\" data-id=\"51b7bb8\" data-element_type=\"widget\" data-e-type=\"widget\" data-widget_type=\"icon-box.default\">\n\t\t\t\t<div class=\"elementor-widget-container\">\n\t\t\t\t\t\t\t<div class=\"elementor-icon-box-wrapper\">\n\n\t\t\t\t\t\t<div class=\"elementor-icon-box-icon\">\n\t\t\t\t<span  class=\"elementor-icon\">\n\t\t\t\t<i aria-hidden=\"true\" class=\"fas fa-mail-bulk\"><\/i>\t\t\t\t<\/span>\n\t\t\t<\/div>\n\t\t\t\n\t\t\t\t\t\t<div class=\"elementor-icon-box-content\">\n\n\t\t\t\t\t\t\t\t\t<h3 class=\"elementor-icon-box-title\">\n\t\t\t\t\t\t<span  >\n\t\t\t\t\t\t\tE-posta\t\t\t\t\t\t<\/span>\n\t\t\t\t\t<\/h3>\n\t\t\t\t\n\t\t\t\t\t\t\t\t\t<p class=\"elementor-icon-box-description\">\n\t\t\t\t\t\tsupport@wadipurple.com<br>billing@wadipurple.com<br>sales@wadipurple.com\t\t\t\t\t<\/p>\n\t\t\t\t\n\t\t\t<\/div>\n\t\t\t\n\t\t<\/div>\n\t\t\t\t\t\t<\/div>\n\t\t\t\t<\/div>\n\t\t\t\t\t<\/div>\n\t\t<\/div>\n\t\t\t\t<div class=\"elementor-column elementor-col-25 elementor-top-column elementor-element elementor-element-18deb97\" data-id=\"18deb97\" data-element_type=\"column\" data-e-type=\"column\">\n\t\t\t<div class=\"elementor-widget-wrap elementor-element-populated\">\n\t\t\t\t\t\t<div class=\"elementor-element elementor-element-0fabae9 elementor-view-default elementor-position-block-start elementor-mobile-position-block-start elementor-widget elementor-widget-icon-box\" data-id=\"0fabae9\" data-element_type=\"widget\" data-e-type=\"widget\" data-widget_type=\"icon-box.default\">\n\t\t\t\t<div class=\"elementor-widget-container\">\n\t\t\t\t\t\t\t<div class=\"elementor-icon-box-wrapper\">\n\n\t\t\t\t\t\t<div class=\"elementor-icon-box-icon\">\n\t\t\t\t<span  class=\"elementor-icon\">\n\t\t\t\t<i aria-hidden=\"true\" class=\"far fa-life-ring\"><\/i>\t\t\t\t<\/span>\n\t\t\t<\/div>\n\t\t\t\n\t\t\t\t\t\t<div class=\"elementor-icon-box-content\">\n\n\t\t\t\t\t\t\t\t\t<h3 class=\"elementor-icon-box-title\">\n\t\t\t\t\t\t<span  >\n\t\t\t\t\t\t\tDestek Biletleri\t\t\t\t\t\t<\/span>\n\t\t\t\t\t<\/h3>\n\t\t\t\t\n\t\t\t\t\t\t\t\t\t<p class=\"elementor-icon-box-description\">\n\t\t\t\t\t\tDestek talebi sistemimiz arac\u0131l\u0131\u011f\u0131yla bizimle ileti\u015fime ge\u00e7mekten \u00e7ekinmeyin. <u><a href=\"https:\/\/my.wadipurple.com\/contact.php\">Buradan bir talep g\u00f6nderebilirsiniz<\/a><\/u>.\t\t\t\t\t<\/p>\n\t\t\t\t\n\t\t\t<\/div>\n\t\t\t\n\t\t<\/div>\n\t\t\t\t\t\t<\/div>\n\t\t\t\t<\/div>\n\t\t\t\t\t<\/div>\n\t\t<\/div>\n\t\t\t\t<div class=\"elementor-column elementor-col-25 elementor-top-column elementor-element elementor-element-c789720\" data-id=\"c789720\" data-element_type=\"column\" data-e-type=\"column\">\n\t\t\t<div class=\"elementor-widget-wrap elementor-element-populated\">\n\t\t\t\t\t\t<div class=\"elementor-element elementor-element-3a51cd7 elementor-view-default elementor-position-block-start elementor-mobile-position-block-start elementor-widget elementor-widget-icon-box\" data-id=\"3a51cd7\" data-element_type=\"widget\" data-e-type=\"widget\" data-widget_type=\"icon-box.default\">\n\t\t\t\t<div class=\"elementor-widget-container\">\n\t\t\t\t\t\t\t<div class=\"elementor-icon-box-wrapper\">\n\n\t\t\t\t\t\t<div class=\"elementor-icon-box-icon\">\n\t\t\t\t<span  class=\"elementor-icon\">\n\t\t\t\t<i aria-hidden=\"true\" class=\"fas fa-map-marker-alt\"><\/i>\t\t\t\t<\/span>\n\t\t\t<\/div>\n\t\t\t\n\t\t\t\t\t\t<div class=\"elementor-icon-box-content\">\n\n\t\t\t\t\t\t\t\t\t<h3 class=\"elementor-icon-box-title\">\n\t\t\t\t\t\t<span  >\n\t\t\t\t\t\t\tAdres\t\t\t\t\t\t<\/span>\n\t\t\t\t\t<\/h3>\n\t\t\t\t\n\t\t\t\t\t\t\t\t\t<p class=\"elementor-icon-box-description\">\n\t\t\t\t\t\tIFZA \u0130\u015f Park\u0131, DDP<br>Dubai Silikon Vahas\u0131, Bina A1<br>Dubai, UAE\t\t\t\t\t<\/p>\n\t\t\t\t\n\t\t\t<\/div>\n\t\t\t\n\t\t<\/div>\n\t\t\t\t\t\t<\/div>\n\t\t\t\t<\/div>\n\t\t\t\t\t<\/div>\n\t\t<\/div>\n\t\t\t\t<div class=\"elementor-column elementor-col-25 elementor-top-column elementor-element elementor-element-29c9ed2\" data-id=\"29c9ed2\" data-element_type=\"column\" data-e-type=\"column\">\n\t\t\t<div class=\"elementor-widget-wrap elementor-element-populated\">\n\t\t\t\t\t\t<div class=\"elementor-element elementor-element-3c5367e elementor-view-default elementor-position-block-start elementor-mobile-position-block-start elementor-widget elementor-widget-icon-box\" data-id=\"3c5367e\" data-element_type=\"widget\" data-e-type=\"widget\" data-widget_type=\"icon-box.default\">\n\t\t\t\t<div class=\"elementor-widget-container\">\n\t\t\t\t\t\t\t<div class=\"elementor-icon-box-wrapper\">\n\n\t\t\t\t\t\t<div class=\"elementor-icon-box-icon\">\n\t\t\t\t<span  class=\"elementor-icon\">\n\t\t\t\t<i aria-hidden=\"true\" class=\"far fa-comment-dots\"><\/i>\t\t\t\t<\/span>\n\t\t\t<\/div>\n\t\t\t\n\t\t\t\t\t\t<div class=\"elementor-icon-box-content\">\n\n\t\t\t\t\t\t\t\t\t<h3 class=\"elementor-icon-box-title\">\n\t\t\t\t\t\t<span  >\n\t\t\t\t\t\t\tCanl\u0131 Sohbet\t\t\t\t\t\t<\/span>\n\t\t\t\t\t<\/h3>\n\t\t\t\t\n\t\t\t\t\t\t\t\t\t<p class=\"elementor-icon-box-description\">\n\t\t\t\t\t\tHerhangi bir soru veya talebinizi yan\u0131tlamak i\u00e7in 7\/24 hizmetinizdeyiz. \u00c7evrimi\u00e7iyiz: +971544027325\t\t\t\t\t<\/p>\n\t\t\t\t\n\t\t\t<\/div>\n\t\t\t\n\t\t<\/div>\n\t\t\t\t\t\t<\/div>\n\t\t\t\t<\/div>\n\t\t\t\t\t<\/div>\n\t\t<\/div>\n\t\t\t\t\t<\/div>\n\t\t<\/section>\n\t\t\t\t<section class=\"wd-negative-gap elementor-section elementor-top-section elementor-element elementor-element-1694dc7 wd-section-stretch elementor-section-boxed elementor-section-height-default elementor-section-height-default\" data-id=\"1694dc7\" data-element_type=\"section\" data-e-type=\"section\" data-settings=\"{&quot;background_background&quot;:&quot;classic&quot;,&quot;shape_divider_top&quot;:&quot;waves&quot;,&quot;shape_divider_bottom&quot;:&quot;waves&quot;}\">\n\t\t\t\t\t<div class=\"elementor-shape elementor-shape-top\" aria-hidden=\"true\" data-negative=\"false\">\n\t\t\t<svg xmlns=\"http:\/\/www.w3.org\/2000\/svg\" viewBox=\"0 0 1000 100\" preserveAspectRatio=\"none\">\n\t<path class=\"elementor-shape-fill\" d=\"M421.9,6.5c22.6-2.5,51.5,0.4,75.5,5.3c23.6,4.9,70.9,23.5,100.5,35.7c75.8,32.2,133.7,44.5,192.6,49.7\n\tc23.6,2.1,48.7,3.5,103.4-2.5c54.7-6,106.2-25.6,106.2-25.6V0H0v30.3c0,0,72,32.6,158.4,30.5c39.2-0.7,92.8-6.7,134-22.4\n\tc21.2-8.1,52.2-18.2,79.7-24.2C399.3,7.9,411.6,7.5,421.9,6.5z\"\/>\n<\/svg>\t\t<\/div>\n\t\t\t\t<div class=\"elementor-shape elementor-shape-bottom\" aria-hidden=\"true\" data-negative=\"false\">\n\t\t\t<svg xmlns=\"http:\/\/www.w3.org\/2000\/svg\" viewBox=\"0 0 1000 100\" preserveAspectRatio=\"none\">\n\t<path class=\"elementor-shape-fill\" d=\"M421.9,6.5c22.6-2.5,51.5,0.4,75.5,5.3c23.6,4.9,70.9,23.5,100.5,35.7c75.8,32.2,133.7,44.5,192.6,49.7\n\tc23.6,2.1,48.7,3.5,103.4-2.5c54.7-6,106.2-25.6,106.2-25.6V0H0v30.3c0,0,72,32.6,158.4,30.5c39.2-0.7,92.8-6.7,134-22.4\n\tc21.2-8.1,52.2-18.2,79.7-24.2C399.3,7.9,411.6,7.5,421.9,6.5z\"\/>\n<\/svg>\t\t<\/div>\n\t\t\t\t\t<div class=\"elementor-container elementor-column-gap-default\">\n\t\t\t\t\t<div class=\"elementor-column elementor-col-16 elementor-top-column elementor-element elementor-element-206b3c1\" data-id=\"206b3c1\" data-element_type=\"column\" data-e-type=\"column\">\n\t\t\t<div class=\"elementor-widget-wrap\">\n\t\t\t\t\t\t\t<\/div>\n\t\t<\/div>\n\t\t\t\t<div class=\"elementor-column elementor-col-66 elementor-top-column elementor-element elementor-element-64d482a\" data-id=\"64d482a\" data-element_type=\"column\" data-e-type=\"column\">\n\t\t\t<div class=\"elementor-widget-wrap elementor-element-populated\">\n\t\t\t\t\t\t<div class=\"elementor-element elementor-element-d4efbf2 animated-fast wd-width-100 elementor-invisible elementor-widget elementor-widget-wd_title\" data-id=\"d4efbf2\" data-element_type=\"widget\" data-e-type=\"widget\" data-settings=\"{&quot;_animation&quot;:&quot;wd-anim-slide-from-bottom&quot;}\" data-widget_type=\"wd_title.default\">\n\t\t\t\t<div class=\"elementor-widget-container\">\n\t\t\t\t\t\t\t<div class=\"title-wrapper wd-set-mb reset-last-child wd-title-color-default wd-title-style-default wd-title-size-default text-center\">\n\n\t\t\t\n\t\t\t<div class=\"liner-continer\">\n\t\t\t\t<h4 class=\"woodmart-title-container title wd-fontsize-l wd-underline-colored\"><b>S\u0131k Sorulan Sorular<br>PHP ve MySQL ile Web Sitesi Bar\u0131nd\u0131rma<\/b><\/h4> \n\t\t\t\t\t\t\t<\/div>\n\n\t\t\t\t\t<\/div>\n\t\t\t\t\t\t<\/div>\n\t\t\t\t<\/div>\n\t\t\t\t<div class=\"elementor-element elementor-element-290ba33 animated-fast elementor-invisible elementor-widget elementor-widget-wd_text_block\" data-id=\"290ba33\" data-element_type=\"widget\" data-e-type=\"widget\" data-settings=\"{&quot;_animation&quot;:&quot;wd-anim-slide-from-bottom&quot;}\" data-widget_type=\"wd_text_block.default\">\n\t\t\t\t<div class=\"elementor-widget-container\">\n\t\t\t\t\t\t\t<div class=\"wd-text-block reset-last-child text-center\">\n\t\t\t\n\t\t\t<p>WadiPurple.com gibi PHP ve MySQL ile web sitesi bar\u0131nd\u0131rma hizmeti sunan sayg\u0131n bir sa\u011flay\u0131c\u0131y\u0131 se\u00e7erek, web sitenizin i\u015flevselli\u011fini ve kullan\u0131c\u0131 deneyimini geli\u015ftirmek i\u00e7in uzmanl\u0131\u011f\u0131m\u0131zdan yararlanabilirsiniz.<\/p>\n\t\t\t\t\t<\/div>\n\t\t\t\t\t\t<\/div>\n\t\t\t\t<\/div>\n\t\t\t\t<div class=\"elementor-element elementor-element-4a74096 elementor-widget elementor-widget-wd_accordion\" data-id=\"4a74096\" data-element_type=\"widget\" data-e-type=\"widget\" data-widget_type=\"wd_accordion.default\">\n\t\t\t\t<div class=\"elementor-widget-container\">\n\t\t\t\t\t\n\t\t<div class=\"wd-accordion wd-style-shadow wd-titles-left wd-opener-pos-left wd-opener-style-arrow\" data-state=\"all_closed\">\n\t\t\t\t\t\t\t\n\t\t\t\t<div class=\"wd-accordion-item\">\n\t\t\t\t\t<div class=\"wd-accordion-title wd-role-btn\" data-accordion-index=\"0\" tabindex=\"0\">\n\t\t\t\t\t\t<div class=\"wd-accordion-title-text\">\n\t\t\t\t\t\t\t\t\t\t\t\t\t\t<span>\n\t\t\t\t\t\t\t\tTeknik deste\u011fi nas\u0131l sa\u011fl\u0131yorsunuz?\t\t\t\t\t\t\t<\/span>\n\t\t\t\t\t\t<\/div>\n\t\t\t\t\t\t<span class=\"wd-accordion-opener\"><\/span>\n\t\t\t\t\t<\/div>\n\n\t\t\t\t\t<div class=\"wd-accordion-content wd-entry-content\" data-accordion-index=\"0\">\n\t\t\t\t\t\t\t\t\t\t\t\t\t\n\t\t\t\t\t\t\t<p>E-posta yoluyla 7\/24 teknik destek sa\u011fl\u0131yoruz. Sat\u0131\u015f departman\u0131m\u0131z canl\u0131 sohbet ve e-posta yoluyla 7\/24 hizmetinizdedir. Fatura departman\u0131m\u0131za Pazartesi - Cuma g\u00fcnleri, 08:00 - 17:00 saatleri aras\u0131nda e-posta yoluyla ula\u015fabilirsiniz. S\u0131k\u00e7a sorulan sorular listesinde yan\u0131t bulamad\u0131ysan\u0131z, <a href=\"https:\/\/my.wadipurple.com\/contact.php\">buradan bizimle ileti\u015fime ge\u00e7mekten<\/a> \u00e7ekinmeyin.<\/p>\n\t\t\t\t\t\t\t\t\t\t\t\t\t\t\t\t\t\t<\/div>\n\t\t\t\t<\/div>\n\t\t\t\t\t\t\t\n\t\t\t\t<div class=\"wd-accordion-item\">\n\t\t\t\t\t<div class=\"wd-accordion-title wd-role-btn\" data-accordion-index=\"1\" tabindex=\"0\">\n\t\t\t\t\t\t<div class=\"wd-accordion-title-text\">\n\t\t\t\t\t\t\t\t\t\t\t\t\t\t<span>\n\t\t\t\t\t\t\t\tSunucular\u0131n\u0131z nerede bulunuyor?\t\t\t\t\t\t\t<\/span>\n\t\t\t\t\t\t<\/div>\n\t\t\t\t\t\t<span class=\"wd-accordion-opener\"><\/span>\n\t\t\t\t\t<\/div>\n\n\t\t\t\t\t<div class=\"wd-accordion-content wd-entry-content\" data-accordion-index=\"1\">\n\t\t\t\t\t\t\t\t\t\t\t\t\t\n\t\t\t\t\t\t\t<p>Rahat\u0131n\u0131z i\u00e7in d\u00fcnya \u00e7ap\u0131nda 10 k\u00fcresel veri merkezimizden hizmet sunuyoruz.<\/p><p>Mevcut sunucu konumlar\u0131m\u0131z \u015funlard\u0131r: Los Angeles, CA; Dallas, Teksas; Bend, Oregon; Charlotte, Kuzey Carolina; Denver, Colorado; Kansas, City Missouri; West Chicago, Illinois; Amsterdam, Hollanda; Maidenhead, Birle\u015fik Krall\u0131k; ve Frankfurt, Almanya.<\/p><p>Sipari\u015finizi verirken tercih etti\u011finiz konumu se\u00e7ebilirsiniz.<\/p>\n\t\t\t\t\t\t\t\t\t\t\t\t\t\t\t\t\t\t<\/div>\n\t\t\t\t<\/div>\n\t\t\t\t\t\t\t\n\t\t\t\t<div class=\"wd-accordion-item\">\n\t\t\t\t\t<div class=\"wd-accordion-title wd-role-btn\" data-accordion-index=\"2\" tabindex=\"0\">\n\t\t\t\t\t\t<div class=\"wd-accordion-title-text\">\n\t\t\t\t\t\t\t\t\t\t\t\t\t\t<span>\n\t\t\t\t\t\t\t\tEski sunucudan ta\u015f\u0131nmama yard\u0131mc\u0131 olabilir misiniz?\t\t\t\t\t\t\t<\/span>\n\t\t\t\t\t\t<\/div>\n\t\t\t\t\t\t<span class=\"wd-accordion-opener\"><\/span>\n\t\t\t\t\t<\/div>\n\n\t\t\t\t\t<div class=\"wd-accordion-content wd-entry-content\" data-accordion-index=\"2\">\n\t\t\t\t\t\t\t\t\t\t\t\t\t\n\t\t\t\t\t\t\t<p>Elbette. T\u00fcm bayi hosting planlar\u0131m\u0131za \u00fccretsiz cPanel ge\u00e7i\u015f hizmeti dahil ediyoruz. Sipari\u015finizi verdikten sonra l\u00fctfen bir destek talebi g\u00f6nderin, hemen size ula\u015fal\u0131m.<\/p>\n\t\t\t\t\t\t\t\t\t\t\t\t\t\t\t\t\t\t<\/div>\n\t\t\t\t<\/div>\n\t\t\t\t\t\t\t\n\t\t\t\t<div class=\"wd-accordion-item\">\n\t\t\t\t\t<div class=\"wd-accordion-title wd-role-btn\" data-accordion-index=\"3\" tabindex=\"0\">\n\t\t\t\t\t\t<div class=\"wd-accordion-title-text\">\n\t\t\t\t\t\t\t\t\t\t\t\t\t\t<span>\n\t\t\t\t\t\t\t\tBa\u015fvurular\u0131m\u0131 \u00e7evrimi\u00e7i olarak ayarlamak ne kadar zaman al\u0131r?\t\t\t\t\t\t\t<\/span>\n\t\t\t\t\t\t<\/div>\n\t\t\t\t\t\t<span class=\"wd-accordion-opener\"><\/span>\n\t\t\t\t\t<\/div>\n\n\t\t\t\t\t<div class=\"wd-accordion-content wd-entry-content\" data-accordion-index=\"3\">\n\t\t\t\t\t\t\t\t\t\t\t\t\t\n\t\t\t\t\t\t\t<p>Platformumuza da\u011f\u0131t\u0131m dakikalar, hatta saniyeler i\u00e7inde ger\u00e7ekle\u015febilir.<\/p>\n\t\t\t\t\t\t\t\t\t\t\t\t\t\t\t\t\t\t<\/div>\n\t\t\t\t<\/div>\n\t\t\t\t\t\t\t\n\t\t\t\t<div class=\"wd-accordion-item\">\n\t\t\t\t\t<div class=\"wd-accordion-title wd-role-btn\" data-accordion-index=\"4\" tabindex=\"0\">\n\t\t\t\t\t\t<div class=\"wd-accordion-title-text\">\n\t\t\t\t\t\t\t\t\t\t\t\t\t\t<span>\n\t\t\t\t\t\t\t\tHangi \u00f6deme y\u00f6ntemlerini kabul ediyorsunuz?\t\t\t\t\t\t\t<\/span>\n\t\t\t\t\t\t<\/div>\n\t\t\t\t\t\t<span class=\"wd-accordion-opener\"><\/span>\n\t\t\t\t\t<\/div>\n\n\t\t\t\t\t<div class=\"wd-accordion-content wd-entry-content\" data-accordion-index=\"4\">\n\t\t\t\t\t\t\t\t\t\t\t\t\t\n\t\t\t\t\t\t\t<p>Visa, Mastercard, American Express ve Discover dahil olmak \u00fczere t\u00fcm yayg\u0131n kredi kartlar\u0131n\u0131 ve banka kartlar\u0131n\u0131 kabul ediyoruz. Mobil C\u00fczdanlar, Banka Havalesi veya PayPal ile \u00f6deme yapabilirsiniz. Ayr\u0131ca, kart\u0131n\u0131zdan her ay otomatik olarak \u00e7ekilecek otomatik tekrarlayan bir \u00f6deme ayarlama se\u00e7ene\u011finiz de var.<\/p>\n\t\t\t\t\t\t\t\t\t\t\t\t\t\t\t\t\t\t<\/div>\n\t\t\t\t<\/div>\n\t\t\t\t\t\t\t\n\t\t\t\t<div class=\"wd-accordion-item\">\n\t\t\t\t\t<div class=\"wd-accordion-title wd-role-btn\" data-accordion-index=\"5\" tabindex=\"0\">\n\t\t\t\t\t\t<div class=\"wd-accordion-title-text\">\n\t\t\t\t\t\t\t\t\t\t\t\t\t\t<span>\n\t\t\t\t\t\t\t\tPlan\u0131m\u0131 y\u00fckseltebilir veya d\u00fc\u015f\u00fcrebilir miyim?\t\t\t\t\t\t\t<\/span>\n\t\t\t\t\t\t<\/div>\n\t\t\t\t\t\t<span class=\"wd-accordion-opener\"><\/span>\n\t\t\t\t\t<\/div>\n\n\t\t\t\t\t<div class=\"wd-accordion-content wd-entry-content\" data-accordion-index=\"5\">\n\t\t\t\t\t\t\t\t\t\t\t\t\t\n\t\t\t\t\t\t\t<p>Evet, istedi\u011finiz zaman y\u00fckseltme veya d\u00fc\u015f\u00fcrme yapabilirsiniz. Planlar\u0131m\u0131z, i\u015f ihtiya\u00e7 ve gereksinimlerinize her zaman uyum sa\u011flayacak \u015fekilde son derece \u00f6l\u00e7eklenebilirdir.<\/p>\n\t\t\t\t\t\t\t\t\t\t\t\t\t\t\t\t\t\t<\/div>\n\t\t\t\t<\/div>\n\t\t\t\t\t\t\t\n\t\t\t\t<div class=\"wd-accordion-item\">\n\t\t\t\t\t<div class=\"wd-accordion-title wd-role-btn\" data-accordion-index=\"6\" tabindex=\"0\">\n\t\t\t\t\t\t<div class=\"wd-accordion-title-text\">\n\t\t\t\t\t\t\t\t\t\t\t\t\t\t<span>\n\t\t\t\t\t\t\t\tHizmetimi yenilemezsem ne olur?\t\t\t\t\t\t\t<\/span>\n\t\t\t\t\t\t<\/div>\n\t\t\t\t\t\t<span class=\"wd-accordion-opener\"><\/span>\n\t\t\t\t\t<\/div>\n\n\t\t\t\t\t<div class=\"wd-accordion-content wd-entry-content\" data-accordion-index=\"6\">\n\t\t\t\t\t\t\t\t\t\t\t\t\t\n\t\t\t\t\t\t\t<p>Her ay d\u00fczenli \u00f6demeniz hakk\u0131nda sizi e-posta yoluyla bilgilendirece\u011fiz. Yenilememeyi se\u00e7erseniz, t\u00fcm verileriniz bir s\u00fcre boyunca saklanacakt\u0131r. Bu s\u00fcre zarf\u0131nda web siteniz ve e-posta adresleriniz kapat\u0131lacakt\u0131r. Bu s\u00fcrenin sonunda yenilemezseniz, web sitesi verileriniz otomatik olarak silinecektir.<\/p>\n\t\t\t\t\t\t\t\t\t\t\t\t\t\t\t\t\t\t<\/div>\n\t\t\t\t<\/div>\n\t\t\t\t\t\t\t\n\t\t\t\t<div class=\"wd-accordion-item\">\n\t\t\t\t\t<div class=\"wd-accordion-title wd-role-btn\" data-accordion-index=\"7\" tabindex=\"0\">\n\t\t\t\t\t\t<div class=\"wd-accordion-title-text\">\n\t\t\t\t\t\t\t\t\t\t\t\t\t\t<span>\n\t\t\t\t\t\t\t\tHizmeti nas\u0131l iptal edebilirim?\t\t\t\t\t\t\t<\/span>\n\t\t\t\t\t\t<\/div>\n\t\t\t\t\t\t<span class=\"wd-accordion-opener\"><\/span>\n\t\t\t\t\t<\/div>\n\n\t\t\t\t\t<div class=\"wd-accordion-content wd-entry-content\" data-accordion-index=\"7\">\n\t\t\t\t\t\t\t\t\t\t\t\t\t\n\t\t\t\t\t\t\t<p>Mor plan\u0131n\u0131z\u0131 iptal etmek \u00e7ok basit. Hesab\u0131n\u0131zdaki \"hizmetler\" b\u00f6l\u00fcm\u00fcne gidip iptal talebinde bulunarak bunu kendiniz yapabilirsiniz. S\u00f6zle\u015fme veya gizli \u00fccret garantisi vermiyoruz. Hizmeti istedi\u011finiz zaman iptal edebilirsiniz.<\/p>\n\t\t\t\t\t\t\t\t\t\t\t\t\t\t\t\t\t\t<\/div>\n\t\t\t\t<\/div>\n\t\t\t\t\t<\/div>\n\t\t\t\t\t\t<\/div>\n\t\t\t\t<\/div>\n\t\t\t\t\t<\/div>\n\t\t<\/div>\n\t\t\t\t<div class=\"elementor-column elementor-col-16 elementor-top-column elementor-element elementor-element-82770bc\" data-id=\"82770bc\" data-element_type=\"column\" data-e-type=\"column\">\n\t\t\t<div class=\"elementor-widget-wrap\">\n\t\t\t\t\t\t\t<\/div>\n\t\t<\/div>\n\t\t\t\t\t<\/div>\n\t\t<\/section>\n\t\t\t\t<section class=\"wd-negative-gap elementor-section elementor-top-section elementor-element elementor-element-fe06722 elementor-section-boxed elementor-section-height-default elementor-section-height-default\" data-id=\"fe06722\" data-element_type=\"section\" data-e-type=\"section\">\n\t\t\t\t\t\t<div class=\"elementor-container elementor-column-gap-default\">\n\t\t\t\t\t<div class=\"elementor-column elementor-col-100 elementor-top-column elementor-element elementor-element-9bc1161\" data-id=\"9bc1161\" data-element_type=\"column\" data-e-type=\"column\">\n\t\t\t<div class=\"elementor-widget-wrap elementor-element-populated\">\n\t\t\t\t\t\t<div class=\"elementor-element elementor-element-59df2a7 color-scheme-inherit text-left elementor-widget elementor-widget-text-editor\" data-id=\"59df2a7\" data-element_type=\"widget\" data-e-type=\"widget\" data-widget_type=\"text-editor.default\">\n\t\t\t\t<div class=\"elementor-widget-container\">\n\t\t\t\t\t\t\t\t\t<h2>PHP ve MySQL ile Web Sitesi Bar\u0131nd\u0131rma<\/h2>\n<p>Dinamik ve etkile\u015fimli bir web sitesi i\u00e7in PHP ve MySQL ile web sitesi bar\u0131nd\u0131rma hizmetini de\u011ferlendirirken, g\u00fcvenilir destek ve sa\u011flam bir altyap\u0131 sunan bir sa\u011flay\u0131c\u0131 se\u00e7mek \u00e7ok \u00f6nemlidir. Sorunsuz i\u015fleyi\u015f ve optimum performans i\u00e7in bu teknolojilerle uyumlulu\u011fun sa\u011flanmas\u0131 hayati \u00f6nem ta\u015f\u0131r.<\/p>\n<p>WadiPurple.com gibi PHP ve MySQL konusunda uzmanla\u015fm\u0131\u015f sayg\u0131n bir <span style=\"text-decoration: underline;\"><a href=\"https:\/\/wadipurple.com\/tr\/servers\/hosting\/\">bar\u0131nd\u0131rma hizmeti<\/a><\/span> se\u00e7erek, web sitenizin i\u015flevselli\u011fini ve kullan\u0131c\u0131 deneyimini geli\u015ftirmek i\u00e7in uzmanl\u0131klar\u0131ndan yararlanabilirsiniz. Profesyonel yakla\u015f\u0131mlar\u0131 ve <span style=\"text-decoration: underline;\"><a href=\"https:\/\/my.wadipurple.com\/contact.php\">\u00f6zel destek<\/a><\/span>, PHP ve MySQL tabanl\u0131 web siteniz i\u00e7in g\u00fcvenli bir bar\u0131nd\u0131rma ortam\u0131 kurma, y\u00f6netme ve s\u00fcrd\u00fcrmenin karma\u015f\u0131kl\u0131klar\u0131nda size yard\u0131mc\u0131 olarak, rekabet\u00e7i \u00e7evrimi\u00e7i ortamda web sitenizin ba\u015far\u0131s\u0131n\u0131 garantiler.<\/p>\n\t\t\t\t\t\t\t\t<\/div>\n\t\t\t\t<\/div>\n\t\t\t\t\t<\/div>\n\t\t<\/div>\n\t\t\t\t\t<\/div>\n\t\t<\/section>\n\t\t\t\t<\/div>\n\t\t","protected":false},"excerpt":{"rendered":"<p>E-posta support@wadipurple.combilling@wadipurple.comsales@wadipurple.com Destek Biletleri Destek talebi sistemimiz arac\u0131l\u0131\u011f\u0131yla bizimle ileti\u015fime ge\u00e7mekten \u00e7ekinmeyin. Buradan bir talep g\u00f6nderebilirsiniz. Adres IFZA \u0130\u015f Park\u0131,<\/p>\n","protected":false},"author":1,"featured_media":44152,"parent":0,"menu_order":0,"comment_status":"closed","ping_status":"closed","template":"","meta":{"footnotes":""},"class_list":["post-44151","page","type-page","status-publish","has-post-thumbnail","hentry"],"_links":{"self":[{"href":"https:\/\/wadipurple.com\/tr\/wp-json\/wp\/v2\/pages\/44151","targetHints":{"allow":["GET"]}}],"collection":[{"href":"https:\/\/wadipurple.com\/tr\/wp-json\/wp\/v2\/pages"}],"about":[{"href":"https:\/\/wadipurple.com\/tr\/wp-json\/wp\/v2\/types\/page"}],"author":[{"embeddable":true,"href":"https:\/\/wadipurple.com\/tr\/wp-json\/wp\/v2\/users\/1"}],"replies":[{"embeddable":true,"href":"https:\/\/wadipurple.com\/tr\/wp-json\/wp\/v2\/comments?post=44151"}],"version-history":[{"count":0,"href":"https:\/\/wadipurple.com\/tr\/wp-json\/wp\/v2\/pages\/44151\/revisions"}],"wp:featuredmedia":[{"embeddable":true,"href":"https:\/\/wadipurple.com\/tr\/wp-json\/wp\/v2\/media\/44152"}],"wp:attachment":[{"href":"https:\/\/wadipurple.com\/tr\/wp-json\/wp\/v2\/media?parent=44151"}],"curies":[{"name":"wp","href":"https:\/\/api.w.org\/{rel}","templated":true}]}}